{"id":84,"date":"2026-03-03T17:15:16","date_gmt":"2026-03-03T17:15:16","guid":{"rendered":"https:\/\/soleneverry.fr\/?page_id=84"},"modified":"2026-03-05T15:41:47","modified_gmt":"2026-03-05T15:41:47","slug":"calendly","status":"publish","type":"page","link":"https:\/\/soleneverry.fr\/?page_id=84","title":{"rendered":"calendly"},"content":{"rendered":"\t\t<div data-elementor-type=\"wp-page\" data-elementor-id=\"84\" class=\"elementor elementor-84\" data-elementor-post-type=\"page\">\n\t\t\t\t<div class=\"elementor-element elementor-element-da46406 e-flex e-con-boxed e-con e-parent\" data-id=\"da46406\" data-element_type=\"container\" data-e-type=\"container\" data-settings=\"{&quot;background_background&quot;:&quot;classic&quot;}\">\n\t\t\t\t\t<div class=\"e-con-inner\">\n\t\t\t\t<div class=\"elementor-element elementor-element-f53b9ef elementor-widget elementor-widget-spacer\" data-id=\"f53b9ef\" data-element_type=\"widget\" data-e-type=\"widget\" data-widget_type=\"spacer.default\">\n\t\t\t\t\t\t\t<div class=\"elementor-spacer\">\n\t\t\t<div class=\"elementor-spacer-inner\"><\/div>\n\t\t<\/div>\n\t\t\t\t\t\t<\/div>\n\t\t\t\t<div class=\"elementor-element elementor-element-f6b7ab3 elementor-widget elementor-widget-heading\" data-id=\"f6b7ab3\" data-element_type=\"widget\" data-e-type=\"widget\" data-widget_type=\"heading.default\">\n\t\t\t\t\t<h2 class=\"elementor-heading-title elementor-size-default\">On \u00e9change sur votre projet ?<\/h2>\t\t\t\t<\/div>\n\t\t\t\t<div class=\"elementor-element elementor-element-1c71baf elementor-widget elementor-widget-spacer\" data-id=\"1c71baf\" data-element_type=\"widget\" data-e-type=\"widget\" data-widget_type=\"spacer.default\">\n\t\t\t\t\t\t\t<div class=\"elementor-spacer\">\n\t\t\t<div class=\"elementor-spacer-inner\"><\/div>\n\t\t<\/div>\n\t\t\t\t\t\t<\/div>\n\t\t\t\t<div class=\"elementor-element elementor-element-0f1849b elementor-widget elementor-widget-text-editor\" data-id=\"0f1849b\" data-element_type=\"widget\" data-e-type=\"widget\" data-widget_type=\"text-editor.default\">\n\t\t\t\t\t\t\t\t\t<p data-start=\"128\" data-end=\"187\"><strong data-start=\"128\" data-end=\"187\">Un premier \u00e9change, simplement pour faire connaissance<\/strong><\/p><p data-start=\"189\" data-end=\"345\">R\u00e9servez un appel de 15 minutes pour me parler de votre projet, de vos besoins et de vos objectifs<br data-start=\"288\" data-end=\"291\" \/>Cet \u00e9change est totalement gratuit et sans engagement<\/p><p data-start=\"697\" data-end=\"731\">Au plaisir d\u2019\u00e9changer avec vous !<\/p>\t\t\t\t\t\t\t\t<\/div>\n\t\t\t\t<div class=\"elementor-element elementor-element-16a5850 elementor-widget elementor-widget-spacer\" data-id=\"16a5850\" data-element_type=\"widget\" data-e-type=\"widget\" data-widget_type=\"spacer.default\">\n\t\t\t\t\t\t\t<div class=\"elementor-spacer\">\n\t\t\t<div class=\"elementor-spacer-inner\"><\/div>\n\t\t<\/div>\n\t\t\t\t\t\t<\/div>\n\t\t\t\t<div class=\"elementor-element elementor-element-512af26 elementor-widget elementor-widget-html\" data-id=\"512af26\" data-element_type=\"widget\" data-e-type=\"widget\" data-widget_type=\"html.default\">\n\t\t\t\t\t<!-- D\u00e9but de widget en ligne Calendly -->\r\n<div class=\"calendly-inline-widget\" data-url=\"https:\/\/calendly.com\/verrysolene\/30min?primary_color=f26b1d\" style=\"min-width:320px;height:700px;\"><\/div>\r\n<script type=\"text\/javascript\" src=\"https:\/\/assets.calendly.com\/assets\/external\/widget.js\" async><\/script>\r\n<!-- Fin de widget en ligne Calendly -->\t\t\t\t<\/div>\n\t\t\t\t<div class=\"elementor-element elementor-element-5648223 elementor-widget elementor-widget-spacer\" data-id=\"5648223\" data-element_type=\"widget\" data-e-type=\"widget\" data-widget_type=\"spacer.default\">\n\t\t\t\t\t\t\t<div class=\"elementor-spacer\">\n\t\t\t<div class=\"elementor-spacer-inner\"><\/div>\n\t\t<\/div>\n\t\t\t\t\t\t<\/div>\n\t\t\t\t\t<\/div>\n\t\t\t\t<\/div>\n\t\t\t\t<\/div>\n\t\t","protected":false},"excerpt":{"rendered":"<p>On \u00e9change sur votre projet ? Un premier \u00e9change, simplement pour faire connaissance R\u00e9servez un appel de 15 minutes pour me parler de votre projet, de vos besoins et de vos objectifsCet \u00e9change est totalement gratuit et sans engagement Au plaisir d\u2019\u00e9changer avec vous !<\/p>\n","protected":false},"author":1,"featured_media":0,"parent":0,"menu_order":0,"comment_status":"closed","ping_status":"closed","template":"","meta":{"footnotes":""},"class_list":["post-84","page","type-page","status-publish","hentry"],"_links":{"self":[{"href":"https:\/\/soleneverry.fr\/index.php?rest_route=\/wp\/v2\/pages\/84","targetHints":{"allow":["GET"]}}],"collection":[{"href":"https:\/\/soleneverry.fr\/index.php?rest_route=\/wp\/v2\/pages"}],"about":[{"href":"https:\/\/soleneverry.fr\/index.php?rest_route=\/wp\/v2\/types\/page"}],"author":[{"embeddable":true,"href":"https:\/\/soleneverry.fr\/index.php?rest_route=\/wp\/v2\/users\/1"}],"replies":[{"embeddable":true,"href":"https:\/\/soleneverry.fr\/index.php?rest_route=%2Fwp%2Fv2%2Fcomments&post=84"}],"version-history":[{"count":19,"href":"https:\/\/soleneverry.fr\/index.php?rest_route=\/wp\/v2\/pages\/84\/revisions"}],"predecessor-version":[{"id":177,"href":"https:\/\/soleneverry.fr\/index.php?rest_route=\/wp\/v2\/pages\/84\/revisions\/177"}],"wp:attachment":[{"href":"https:\/\/soleneverry.fr\/index.php?rest_route=%2Fwp%2Fv2%2Fmedia&parent=84"}],"curies":[{"name":"wp","href":"https:\/\/api.w.org\/{rel}","templated":true}]}}